{"id":63,"date":"2024-01-31T15:17:48","date_gmt":"2024-01-31T15:17:48","guid":{"rendered":"https:\/\/att-leda-digitalisering.se\/?page_id=63"},"modified":"2024-03-08T16:06:31","modified_gmt":"2024-03-08T16:06:31","slug":"startsida","status":"publish","type":"page","link":"https:\/\/att-leda-digitalisering.se\/","title":{"rendered":"Startsida"},"content":{"rendered":"\t\t<div data-elementor-type=\"wp-page\" data-elementor-id=\"63\" class=\"elementor elementor-63\">\n\t\t\t\t<div class=\"elementor-element elementor-element-5f1a1a4 e-flex e-con-boxed e-con e-parent\" data-id=\"5f1a1a4\" data-element_type=\"container\" data-settings=\"{&quot;content_width&quot;:&quot;boxed&quot;}\" data-core-v316-plus=\"true\">\n\t\t\t\t\t<div class=\"e-con-inner\">\n\t\t\t\t<div class=\"elementor-element elementor-element-ac19ac9 elementor-widget elementor-widget-text-editor\" data-id=\"ac19ac9\" data-element_type=\"widget\" data-widget_type=\"text-editor.default\">\n\t\t\t\t<div class=\"elementor-widget-container\">\n\t\t\t<style>\/*! elementor - v3.19.0 - 28-02-2024 *\/\n.elementor-widget-text-editor.elementor-drop-cap-view-stacked .elementor-drop-cap{background-color:#69727d;color:#fff}.elementor-widget-text-editor.elementor-drop-cap-view-framed .elementor-drop-cap{color:#69727d;border:3px solid;background-color:transparent}.elementor-widget-text-editor:not(.elementor-drop-cap-view-default) .elementor-drop-cap{margin-top:8px}.elementor-widget-text-editor:not(.elementor-drop-cap-view-default) .elementor-drop-cap-letter{width:1em;height:1em}.elementor-widget-text-editor .elementor-drop-cap{float:left;text-align:center;line-height:1;font-size:50px}.elementor-widget-text-editor .elementor-drop-cap-letter{display:inline-block}<\/style>\t\t\t\t<p class=\"xp1\"><i>Under 2023 genomf\u00f6rde Skolverket ett antal konferenser med fokus p\u00e5 att styra och leda skola och f\u00f6rskola i en digital tid. Insatserna, som v\u00e4nde sig till s\u00e5v\u00e4l kommunala som frist\u00e5ende huvudm\u00e4n, genomf\u00f6rdes under rubriken \u201dAtt leda digitalisering\u201d och syftade till att \u00f6ka den gemensamma f\u00f6rst\u00e5elsen f\u00f6r digitaliseringens m\u00f6jligheter och utmaningar i relation till skolans uppdrag.<span class=\"xapple-converted-space\">&nbsp;<\/span><\/i><\/p>\n<p class=\"xp1\"><i>Bakgrunden till insatsen var att myndigheten dels identifierat ett behov av \u00f6kad gemensam f\u00f6rst\u00e5else mellan f\u00f6rvaltning, styrelse och politik inom Skolsverige. Dels ett behov av mer kunskap om hur digitalisering p\u00e5verkar bland annat skoljuridik, elevh\u00e4lsa och andra centrala omr\u00e5den.<\/i><\/p><i>\n<\/i><p><i>Till sin hj\u00e4lp involverade Skolverket RISE, Research Institutes of Sweden, som fungerat som innovations- och utvecklingspartner inom pedagogisk utveckling och design av insatserna. RISE har ocks\u00e5 ansvarat f\u00f6r att skapa f\u00f6ruts\u00e4ttningar f\u00f6r kunskaps\u00f6verf\u00f6ring genom att planera, skapa arbetsmaterial och leda insatserna i samverkan med Skolverket.<\/i><\/p>\n<p class=\"xp1\"><i>Detta utbildningsmaterial \u00e4r h\u00e4mtat direkt fr\u00e5n dessa konferenser. Det \u00e4r anpassat till vardera m\u00e5lgrupp och kan anv\u00e4ndas fritt f\u00f6r s\u00e5v\u00e4l grupper som enskilda individer och efter eget intresse.<\/i><\/p>\t\t\t\t\t\t<\/div>\n\t\t\t\t<\/div>\n\t\t\t\t\t<\/div>\n\t\t\t\t<\/div>\n\t\t<div class=\"elementor-element elementor-element-232c12f e-flex e-con-boxed e-con e-parent\" data-id=\"232c12f\" data-element_type=\"container\" data-settings=\"{&quot;content_width&quot;:&quot;boxed&quot;}\" data-core-v316-plus=\"true\">\n\t\t\t\t\t<div class=\"e-con-inner\">\n\t\t\t\t<div class=\"elementor-element elementor-element-4b72213 elementor-widget elementor-widget-image\" data-id=\"4b72213\" data-element_type=\"widget\" data-widget_type=\"image.default\">\n\t\t\t\t<div class=\"elementor-widget-container\">\n\t\t\t<style>\/*! elementor - v3.19.0 - 28-02-2024 *\/\n.elementor-widget-image{text-align:center}.elementor-widget-image a{display:inline-block}.elementor-widget-image a img[src$=\".svg\"]{width:48px}.elementor-widget-image img{vertical-align:middle;display:inline-block}<\/style>\t\t\t\t\t\t\t\t\t\t\t<a href=\"https:\/\/att-leda-digitalisering.se\/offentliga\">\n\t\t\t\t\t\t\t<img fetchpriority=\"high\" decoding=\"async\" width=\"768\" height=\"432\" src=\"https:\/\/att-leda-digitalisering.se\/wp-content\/uploads\/2024\/01\/offentliga-768x432.jpg\" class=\"elementor-animation-grow attachment-medium_large size-medium_large wp-image-54\" alt=\"\" srcset=\"https:\/\/att-leda-digitalisering.se\/wp-content\/uploads\/2024\/01\/offentliga-768x432.jpg 768w, https:\/\/att-leda-digitalisering.se\/wp-content\/uploads\/2024\/01\/offentliga-300x169.jpg 300w, https:\/\/att-leda-digitalisering.se\/wp-content\/uploads\/2024\/01\/offentliga-1024x576.jpg 1024w, https:\/\/att-leda-digitalisering.se\/wp-content\/uploads\/2024\/01\/offentliga-1536x864.jpg 1536w, https:\/\/att-leda-digitalisering.se\/wp-content\/uploads\/2024\/01\/offentliga.jpg 1920w\" sizes=\"(max-width: 768px) 100vw, 768px\" \/>\t\t\t\t\t\t\t\t<\/a>\n\t\t\t\t\t\t\t\t\t\t\t\t\t<\/div>\n\t\t\t\t<\/div>\n\t\t\t\t\t<\/div>\n\t\t\t\t<\/div>\n\t\t<div class=\"elementor-element elementor-element-186d8d8 e-flex e-con-boxed e-con e-parent\" data-id=\"186d8d8\" data-element_type=\"container\" data-settings=\"{&quot;content_width&quot;:&quot;boxed&quot;}\" data-core-v316-plus=\"true\">\n\t\t\t\t\t<div class=\"e-con-inner\">\n\t\t\t\t<div class=\"elementor-element elementor-element-1226f4b elementor-widget elementor-widget-image\" data-id=\"1226f4b\" data-element_type=\"widget\" data-widget_type=\"image.default\">\n\t\t\t\t<div class=\"elementor-widget-container\">\n\t\t\t\t\t\t\t\t\t\t\t\t\t\t<a href=\"https:\/\/att-leda-digitalisering.se\/frist\u00e5ende\">\n\t\t\t\t\t\t\t<img decoding=\"async\" width=\"768\" height=\"432\" src=\"https:\/\/att-leda-digitalisering.se\/wp-content\/uploads\/2024\/01\/fristaende-768x432.jpg\" class=\"elementor-animation-grow attachment-medium_large size-medium_large wp-image-55\" alt=\"\" srcset=\"https:\/\/att-leda-digitalisering.se\/wp-content\/uploads\/2024\/01\/fristaende-768x432.jpg 768w, https:\/\/att-leda-digitalisering.se\/wp-content\/uploads\/2024\/01\/fristaende-300x169.jpg 300w, https:\/\/att-leda-digitalisering.se\/wp-content\/uploads\/2024\/01\/fristaende-1024x576.jpg 1024w, https:\/\/att-leda-digitalisering.se\/wp-content\/uploads\/2024\/01\/fristaende-1536x864.jpg 1536w, https:\/\/att-leda-digitalisering.se\/wp-content\/uploads\/2024\/01\/fristaende.jpg 1920w\" sizes=\"(max-width: 768px) 100vw, 768px\" \/>\t\t\t\t\t\t\t\t<\/a>\n\t\t\t\t\t\t\t\t\t\t\t\t\t<\/div>\n\t\t\t\t<\/div>\n\t\t\t\t\t<\/div>\n\t\t\t\t<\/div>\n\t\t\t\t<\/div>\n\t\t","protected":false},"excerpt":{"rendered":"<p>Under 2023 genomf\u00f6rde Skolverket ett antal konferenser med fokus p\u00e5 att styra och leda skola och f\u00f6rskola i en digital [&hellip;]<\/p>\n","protected":false},"author":1,"featured_media":0,"parent":0,"menu_order":0,"comment_status":"closed","ping_status":"closed","template":"","meta":{"site-sidebar-layout":"no-sidebar","site-content-layout":"","ast-site-content-layout":"full-width-container","site-content-style":"default","site-sidebar-style":"default","ast-global-header-display":"","ast-banner-title-visibility":"","ast-main-header-display":"","ast-hfb-above-header-display":"","ast-hfb-below-header-display":"","ast-hfb-mobile-header-display":"","site-post-title":"disabled","ast-breadcrumbs-content":"","ast-featured-img":"disabled","footer-sml-layout":"","theme-transparent-header-meta":"","adv-header-id-meta":"","stick-header-meta":"","header-above-stick-meta":"","header-main-stick-meta":"","header-below-stick-meta":"","astra-migrate-meta-layouts":"default","ast-page-background-enabled":"default","ast-page-background-meta":{"desktop":{"background-color":"var(--ast-global-color-4)","background-image":"","background-repeat":"repeat","background-position":"center center","background-size":"auto","background-attachment":"scroll","background-type":"","background-media":"","overlay-type":"","overlay-color":"","overlay-gradient":""},"tablet":{"background-color":"","background-image":"","background-repeat":"repeat","background-position":"center center","background-size":"auto","background-attachment":"scroll","background-type":"","background-media":"","overlay-type":"","overlay-color":"","overlay-gradient":""},"mobile":{"background-color":"","background-image":"","background-repeat":"repeat","background-position":"center center","background-size":"auto","background-attachment":"scroll","background-type":"","background-media":"","overlay-type":"","overlay-color":"","overlay-gradient":""}},"ast-content-background-meta":{"desktop":{"background-color":"var(--ast-global-color-5)","background-image":"","background-repeat":"repeat","background-position":"center center","background-size":"auto","background-attachment":"scroll","background-type":"","background-media":"","overlay-type":"","overlay-color":"","overlay-gradient":""},"tablet":{"background-color":"var(--ast-global-color-5)","background-image":"","background-repeat":"repeat","background-position":"center center","background-size":"auto","background-attachment":"scroll","background-type":"","background-media":"","overlay-type":"","overlay-color":"","overlay-gradient":""},"mobile":{"background-color":"var(--ast-global-color-5)","background-image":"","background-repeat":"repeat","background-position":"center center","background-size":"auto","background-attachment":"scroll","background-type":"","background-media":"","overlay-type":"","overlay-color":"","overlay-gradient":""}},"footnotes":""},"_links":{"self":[{"href":"https:\/\/att-leda-digitalisering.se\/index.php\/wp-json\/wp\/v2\/pages\/63"}],"collection":[{"href":"https:\/\/att-leda-digitalisering.se\/index.php\/wp-json\/wp\/v2\/pages"}],"about":[{"href":"https:\/\/att-leda-digitalisering.se\/index.php\/wp-json\/wp\/v2\/types\/page"}],"author":[{"embeddable":true,"href":"https:\/\/att-leda-digitalisering.se\/index.php\/wp-json\/wp\/v2\/users\/1"}],"replies":[{"embeddable":true,"href":"https:\/\/att-leda-digitalisering.se\/index.php\/wp-json\/wp\/v2\/comments?post=63"}],"version-history":[{"count":40,"href":"https:\/\/att-leda-digitalisering.se\/index.php\/wp-json\/wp\/v2\/pages\/63\/revisions"}],"predecessor-version":[{"id":131,"href":"https:\/\/att-leda-digitalisering.se\/index.php\/wp-json\/wp\/v2\/pages\/63\/revisions\/131"}],"wp:attachment":[{"href":"https:\/\/att-leda-digitalisering.se\/index.php\/wp-json\/wp\/v2\/media?parent=63"}],"curies":[{"name":"wp","href":"https:\/\/api.w.org\/{rel}","templated":true}]}}